{"id":1676,"date":"2023-08-15T15:37:37","date_gmt":"2023-08-15T13:37:37","guid":{"rendered":"https:\/\/enovationgroup-com.ontw.stuurlui.dev\/de\/?page_id=1676"},"modified":"2023-10-06T14:57:12","modified_gmt":"2023-10-06T12:57:12","slug":"geraetelieferanten","status":"publish","type":"page","link":"https:\/\/enovationgroup-com.ontw.stuurlui.dev\/de\/geraetelieferanten\/","title":{"rendered":"Ger\u00e4telieferanten"},"content":{"rendered":"","protected":false},"excerpt":{"rendered":"","protected":false},"author":16,"featured_media":0,"parent":0,"menu_order":0,"comment_status":"closed","ping_status":"closed","template":"","meta":{"_acf_changed":false,"footnotes":""},"class_list":["post-1676","page","type-page","status-publish","hentry"],"acf":[],"yoast_head":"<!-- This site is optimized with the Yoast SEO plugin v27.4 - https:\/\/yoast.com\/product\/yoast-seo-wordpress\/ -->\n<title>Ger\u00e4telieferanten - Enovation DE<\/title>\n<meta name=\"description\" content=\"Verkn\u00fcpfte Ger\u00e4te\" \/>\n<meta name=\"robots\" content=\"noindex, follow, max-snippet:-1, max-image-preview:large, max-video-preview:-1\" \/>\n<meta property=\"og:locale\" content=\"de_DE\" \/>\n<meta property=\"og:type\" content=\"article\" \/>\n<meta property=\"og:title\" content=\"Ger\u00e4telieferanten - Enovation DE\" \/>\n<meta property=\"og:description\" content=\"Verkn\u00fcpfte Ger\u00e4te\" \/>\n<meta property=\"og:url\" content=\"https:\/\/enovationgroup-com.ontw.stuurlui.dev\/de\/geraetelieferanten\/\" \/>\n<meta property=\"og:site_name\" content=\"Enovation DE\" \/>\n<meta property=\"article:modified_time\" content=\"2023-10-06T12:57:12+00:00\" \/>\n<meta name=\"twitter:card\" content=\"summary_large_image\" \/>\n<script type=\"application\/ld+json\" class=\"yoast-schema-graph\">{\"@context\":\"https:\\\/\\\/schema.org\",\"@graph\":[{\"@type\":\"WebPage\",\"@id\":\"https:\\\/\\\/enovationgroup-com.ontw.stuurlui.dev\\\/de\\\/geraetelieferanten\\\/\",\"url\":\"https:\\\/\\\/enovationgroup-com.ontw.stuurlui.dev\\\/de\\\/geraetelieferanten\\\/\",\"name\":\"Ger\u00e4telieferanten - Enovation DE\",\"isPartOf\":{\"@id\":\"https:\\\/\\\/enovationgroup-com.ontw.stuurlui.dev\\\/de\\\/#website\"},\"datePublished\":\"2023-08-15T13:37:37+00:00\",\"dateModified\":\"2023-10-06T12:57:12+00:00\",\"description\":\"Verkn\u00fcpfte Ger\u00e4te\",\"breadcrumb\":{\"@id\":\"https:\\\/\\\/enovationgroup-com.ontw.stuurlui.dev\\\/de\\\/geraetelieferanten\\\/#breadcrumb\"},\"inLanguage\":\"de\",\"potentialAction\":[{\"@type\":\"ReadAction\",\"target\":[\"https:\\\/\\\/enovationgroup-com.ontw.stuurlui.dev\\\/de\\\/geraetelieferanten\\\/\"]}]},{\"@type\":\"BreadcrumbList\",\"@id\":\"https:\\\/\\\/enovationgroup-com.ontw.stuurlui.dev\\\/de\\\/geraetelieferanten\\\/#breadcrumb\",\"itemListElement\":[{\"@type\":\"ListItem\",\"position\":1,\"name\":\"Home\",\"item\":\"https:\\\/\\\/enovationgroup-com.ontw.stuurlui.dev\\\/de\\\/\"},{\"@type\":\"ListItem\",\"position\":2,\"name\":\"Ger\u00e4telieferanten\"}]},{\"@type\":\"WebSite\",\"@id\":\"https:\\\/\\\/enovationgroup-com.ontw.stuurlui.dev\\\/de\\\/#website\",\"url\":\"https:\\\/\\\/enovationgroup-com.ontw.stuurlui.dev\\\/de\\\/\",\"name\":\"Enovation DE\",\"description\":\"\",\"potentialAction\":[{\"@type\":\"SearchAction\",\"target\":{\"@type\":\"EntryPoint\",\"urlTemplate\":\"https:\\\/\\\/enovationgroup-com.ontw.stuurlui.dev\\\/de\\\/?s={search_term_string}\"},\"query-input\":{\"@type\":\"PropertyValueSpecification\",\"valueRequired\":true,\"valueName\":\"search_term_string\"}}],\"inLanguage\":\"de\"}]}<\/script>\n<!-- \/ Yoast SEO plugin. -->","yoast_head_json":{"title":"Ger\u00e4telieferanten - Enovation DE","description":"Verkn\u00fcpfte Ger\u00e4te","robots":{"index":"noindex","follow":"follow","max-snippet":"max-snippet:-1","max-image-preview":"max-image-preview:large","max-video-preview":"max-video-preview:-1"},"og_locale":"de_DE","og_type":"article","og_title":"Ger\u00e4telieferanten - Enovation DE","og_description":"Verkn\u00fcpfte Ger\u00e4te","og_url":"https:\/\/enovationgroup-com.ontw.stuurlui.dev\/de\/geraetelieferanten\/","og_site_name":"Enovation DE","article_modified_time":"2023-10-06T12:57:12+00:00","twitter_card":"summary_large_image","schema":{"@context":"https:\/\/schema.org","@graph":[{"@type":"WebPage","@id":"https:\/\/enovationgroup-com.ontw.stuurlui.dev\/de\/geraetelieferanten\/","url":"https:\/\/enovationgroup-com.ontw.stuurlui.dev\/de\/geraetelieferanten\/","name":"Ger\u00e4telieferanten - Enovation DE","isPartOf":{"@id":"https:\/\/enovationgroup-com.ontw.stuurlui.dev\/de\/#website"},"datePublished":"2023-08-15T13:37:37+00:00","dateModified":"2023-10-06T12:57:12+00:00","description":"Verkn\u00fcpfte Ger\u00e4te","breadcrumb":{"@id":"https:\/\/enovationgroup-com.ontw.stuurlui.dev\/de\/geraetelieferanten\/#breadcrumb"},"inLanguage":"de","potentialAction":[{"@type":"ReadAction","target":["https:\/\/enovationgroup-com.ontw.stuurlui.dev\/de\/geraetelieferanten\/"]}]},{"@type":"BreadcrumbList","@id":"https:\/\/enovationgroup-com.ontw.stuurlui.dev\/de\/geraetelieferanten\/#breadcrumb","itemListElement":[{"@type":"ListItem","position":1,"name":"Home","item":"https:\/\/enovationgroup-com.ontw.stuurlui.dev\/de\/"},{"@type":"ListItem","position":2,"name":"Ger\u00e4telieferanten"}]},{"@type":"WebSite","@id":"https:\/\/enovationgroup-com.ontw.stuurlui.dev\/de\/#website","url":"https:\/\/enovationgroup-com.ontw.stuurlui.dev\/de\/","name":"Enovation DE","description":"","potentialAction":[{"@type":"SearchAction","target":{"@type":"EntryPoint","urlTemplate":"https:\/\/enovationgroup-com.ontw.stuurlui.dev\/de\/?s={search_term_string}"},"query-input":{"@type":"PropertyValueSpecification","valueRequired":true,"valueName":"search_term_string"}}],"inLanguage":"de"}]}},"_links":{"self":[{"href":"https:\/\/enovationgroup-com.ontw.stuurlui.dev\/de\/wp-json\/wp\/v2\/pages\/1676","targetHints":{"allow":["GET"]}}],"collection":[{"href":"https:\/\/enovationgroup-com.ontw.stuurlui.dev\/de\/wp-json\/wp\/v2\/pages"}],"about":[{"href":"https:\/\/enovationgroup-com.ontw.stuurlui.dev\/de\/wp-json\/wp\/v2\/types\/page"}],"author":[{"embeddable":true,"href":"https:\/\/enovationgroup-com.ontw.stuurlui.dev\/de\/wp-json\/wp\/v2\/users\/16"}],"replies":[{"embeddable":true,"href":"https:\/\/enovationgroup-com.ontw.stuurlui.dev\/de\/wp-json\/wp\/v2\/comments?post=1676"}],"version-history":[{"count":12,"href":"https:\/\/enovationgroup-com.ontw.stuurlui.dev\/de\/wp-json\/wp\/v2\/pages\/1676\/revisions"}],"predecessor-version":[{"id":6242,"href":"https:\/\/enovationgroup-com.ontw.stuurlui.dev\/de\/wp-json\/wp\/v2\/pages\/1676\/revisions\/6242"}],"wp:attachment":[{"href":"https:\/\/enovationgroup-com.ontw.stuurlui.dev\/de\/wp-json\/wp\/v2\/media?parent=1676"}],"curies":[{"name":"wp","href":"https:\/\/api.w.org\/{rel}","templated":true}]}}