{"id":1942,"date":"2023-08-24T16:21:23","date_gmt":"2023-08-24T14:21:23","guid":{"rendered":"https:\/\/enovationgroup-com.ontw.stuurlui.dev\/de\/?page_id=1942"},"modified":"2023-10-06T14:27:21","modified_gmt":"2023-10-06T12:27:21","slug":"betreuung","status":"publish","type":"page","link":"https:\/\/enovationgroup-com.ontw.stuurlui.dev\/de\/betreuung\/","title":{"rendered":"Betreuung"},"content":{"rendered":"","protected":false},"excerpt":{"rendered":"","protected":false},"author":9,"featured_media":0,"parent":0,"menu_order":0,"comment_status":"closed","ping_status":"closed","template":"","meta":{"_acf_changed":false,"footnotes":""},"class_list":["post-1942","page","type-page","status-publish","hentry"],"acf":[],"yoast_head":"<!-- This site is optimized with the Yoast SEO plugin v27.3 - https:\/\/yoast.com\/product\/yoast-seo-wordpress\/ -->\n<title>Betreuung - Enovation DE<\/title>\n<meta name=\"description\" content=\"Digitale L\u00f6sungen zur Unterst\u00fctzung von beispielsweise Pflegeheimen, psychiatrischer Versorgung und h\u00e4uslicher Pflege bei einer besseren Pflege.\" \/>\n<meta name=\"robots\" content=\"noindex, follow, max-snippet:-1, max-image-preview:large, max-video-preview:-1\" \/>\n<meta property=\"og:locale\" content=\"de_DE\" \/>\n<meta property=\"og:type\" content=\"article\" \/>\n<meta property=\"og:title\" content=\"Betreuung - Enovation DE\" \/>\n<meta property=\"og:description\" content=\"Digitale L\u00f6sungen zur Unterst\u00fctzung von beispielsweise Pflegeheimen, psychiatrischer Versorgung und h\u00e4uslicher Pflege bei einer besseren Pflege.\" \/>\n<meta property=\"og:url\" content=\"https:\/\/enovationgroup-com.ontw.stuurlui.dev\/de\/betreuung\/\" \/>\n<meta property=\"og:site_name\" content=\"Enovation DE\" \/>\n<meta property=\"article:modified_time\" content=\"2023-10-06T12:27:21+00:00\" \/>\n<meta name=\"twitter:card\" content=\"summary_large_image\" \/>\n<script type=\"application\/ld+json\" class=\"yoast-schema-graph\">{\"@context\":\"https:\\\/\\\/schema.org\",\"@graph\":[{\"@type\":\"WebPage\",\"@id\":\"https:\\\/\\\/enovationgroup-com.ontw.stuurlui.dev\\\/de\\\/betreuung\\\/\",\"url\":\"https:\\\/\\\/enovationgroup-com.ontw.stuurlui.dev\\\/de\\\/betreuung\\\/\",\"name\":\"Betreuung - Enovation DE\",\"isPartOf\":{\"@id\":\"https:\\\/\\\/enovationgroup-com.ontw.stuurlui.dev\\\/de\\\/#website\"},\"datePublished\":\"2023-08-24T14:21:23+00:00\",\"dateModified\":\"2023-10-06T12:27:21+00:00\",\"description\":\"Digitale L\u00f6sungen zur Unterst\u00fctzung von beispielsweise Pflegeheimen, psychiatrischer Versorgung und h\u00e4uslicher Pflege bei einer besseren Pflege.\",\"breadcrumb\":{\"@id\":\"https:\\\/\\\/enovationgroup-com.ontw.stuurlui.dev\\\/de\\\/betreuung\\\/#breadcrumb\"},\"inLanguage\":\"de\",\"potentialAction\":[{\"@type\":\"ReadAction\",\"target\":[\"https:\\\/\\\/enovationgroup-com.ontw.stuurlui.dev\\\/de\\\/betreuung\\\/\"]}]},{\"@type\":\"BreadcrumbList\",\"@id\":\"https:\\\/\\\/enovationgroup-com.ontw.stuurlui.dev\\\/de\\\/betreuung\\\/#breadcrumb\",\"itemListElement\":[{\"@type\":\"ListItem\",\"position\":1,\"name\":\"Home\",\"item\":\"https:\\\/\\\/enovationgroup-com.ontw.stuurlui.dev\\\/de\\\/\"},{\"@type\":\"ListItem\",\"position\":2,\"name\":\"Betreuung\"}]},{\"@type\":\"WebSite\",\"@id\":\"https:\\\/\\\/enovationgroup-com.ontw.stuurlui.dev\\\/de\\\/#website\",\"url\":\"https:\\\/\\\/enovationgroup-com.ontw.stuurlui.dev\\\/de\\\/\",\"name\":\"Enovation DE\",\"description\":\"\",\"potentialAction\":[{\"@type\":\"SearchAction\",\"target\":{\"@type\":\"EntryPoint\",\"urlTemplate\":\"https:\\\/\\\/enovationgroup-com.ontw.stuurlui.dev\\\/de\\\/?s={search_term_string}\"},\"query-input\":{\"@type\":\"PropertyValueSpecification\",\"valueRequired\":true,\"valueName\":\"search_term_string\"}}],\"inLanguage\":\"de\"}]}<\/script>\n<!-- \/ Yoast SEO plugin. -->","yoast_head_json":{"title":"Betreuung - Enovation DE","description":"Digitale L\u00f6sungen zur Unterst\u00fctzung von beispielsweise Pflegeheimen, psychiatrischer Versorgung und h\u00e4uslicher Pflege bei einer besseren Pflege.","robots":{"index":"noindex","follow":"follow","max-snippet":"max-snippet:-1","max-image-preview":"max-image-preview:large","max-video-preview":"max-video-preview:-1"},"og_locale":"de_DE","og_type":"article","og_title":"Betreuung - Enovation DE","og_description":"Digitale L\u00f6sungen zur Unterst\u00fctzung von beispielsweise Pflegeheimen, psychiatrischer Versorgung und h\u00e4uslicher Pflege bei einer besseren Pflege.","og_url":"https:\/\/enovationgroup-com.ontw.stuurlui.dev\/de\/betreuung\/","og_site_name":"Enovation DE","article_modified_time":"2023-10-06T12:27:21+00:00","twitter_card":"summary_large_image","schema":{"@context":"https:\/\/schema.org","@graph":[{"@type":"WebPage","@id":"https:\/\/enovationgroup-com.ontw.stuurlui.dev\/de\/betreuung\/","url":"https:\/\/enovationgroup-com.ontw.stuurlui.dev\/de\/betreuung\/","name":"Betreuung - Enovation DE","isPartOf":{"@id":"https:\/\/enovationgroup-com.ontw.stuurlui.dev\/de\/#website"},"datePublished":"2023-08-24T14:21:23+00:00","dateModified":"2023-10-06T12:27:21+00:00","description":"Digitale L\u00f6sungen zur Unterst\u00fctzung von beispielsweise Pflegeheimen, psychiatrischer Versorgung und h\u00e4uslicher Pflege bei einer besseren Pflege.","breadcrumb":{"@id":"https:\/\/enovationgroup-com.ontw.stuurlui.dev\/de\/betreuung\/#breadcrumb"},"inLanguage":"de","potentialAction":[{"@type":"ReadAction","target":["https:\/\/enovationgroup-com.ontw.stuurlui.dev\/de\/betreuung\/"]}]},{"@type":"BreadcrumbList","@id":"https:\/\/enovationgroup-com.ontw.stuurlui.dev\/de\/betreuung\/#breadcrumb","itemListElement":[{"@type":"ListItem","position":1,"name":"Home","item":"https:\/\/enovationgroup-com.ontw.stuurlui.dev\/de\/"},{"@type":"ListItem","position":2,"name":"Betreuung"}]},{"@type":"WebSite","@id":"https:\/\/enovationgroup-com.ontw.stuurlui.dev\/de\/#website","url":"https:\/\/enovationgroup-com.ontw.stuurlui.dev\/de\/","name":"Enovation DE","description":"","potentialAction":[{"@type":"SearchAction","target":{"@type":"EntryPoint","urlTemplate":"https:\/\/enovationgroup-com.ontw.stuurlui.dev\/de\/?s={search_term_string}"},"query-input":{"@type":"PropertyValueSpecification","valueRequired":true,"valueName":"search_term_string"}}],"inLanguage":"de"}]}},"_links":{"self":[{"href":"https:\/\/enovationgroup-com.ontw.stuurlui.dev\/de\/wp-json\/wp\/v2\/pages\/1942","targetHints":{"allow":["GET"]}}],"collection":[{"href":"https:\/\/enovationgroup-com.ontw.stuurlui.dev\/de\/wp-json\/wp\/v2\/pages"}],"about":[{"href":"https:\/\/enovationgroup-com.ontw.stuurlui.dev\/de\/wp-json\/wp\/v2\/types\/page"}],"author":[{"embeddable":true,"href":"https:\/\/enovationgroup-com.ontw.stuurlui.dev\/de\/wp-json\/wp\/v2\/users\/9"}],"replies":[{"embeddable":true,"href":"https:\/\/enovationgroup-com.ontw.stuurlui.dev\/de\/wp-json\/wp\/v2\/comments?post=1942"}],"version-history":[{"count":44,"href":"https:\/\/enovationgroup-com.ontw.stuurlui.dev\/de\/wp-json\/wp\/v2\/pages\/1942\/revisions"}],"predecessor-version":[{"id":6233,"href":"https:\/\/enovationgroup-com.ontw.stuurlui.dev\/de\/wp-json\/wp\/v2\/pages\/1942\/revisions\/6233"}],"wp:attachment":[{"href":"https:\/\/enovationgroup-com.ontw.stuurlui.dev\/de\/wp-json\/wp\/v2\/media?parent=1942"}],"curies":[{"name":"wp","href":"https:\/\/api.w.org\/{rel}","templated":true}]}}