{"id":2123,"date":"2023-08-25T12:10:59","date_gmt":"2023-08-25T10:10:59","guid":{"rendered":"https:\/\/enovationgroup-com.ontw.stuurlui.dev\/de\/enovation-zaurus-chat-beeldbellen-chatbot-2\/"},"modified":"2023-10-17T15:30:40","modified_gmt":"2023-10-17T13:30:40","slug":"enovation-umo-cx","status":"publish","type":"page","link":"https:\/\/enovationgroup-com.ontw.stuurlui.dev\/de\/enovation-umo-cx\/","title":{"rendered":"Enovation UMO cx"},"content":{"rendered":"","protected":false},"excerpt":{"rendered":"","protected":false},"author":10,"featured_media":0,"parent":0,"menu_order":0,"comment_status":"closed","ping_status":"closed","template":"","meta":{"_acf_changed":false,"footnotes":""},"class_list":["post-2123","page","type-page","status-publish","hentry"],"acf":[],"yoast_head":"<!-- This site is optimized with the Yoast SEO plugin v27.3 - https:\/\/yoast.com\/product\/yoast-seo-wordpress\/ -->\n<title>Enovation UMO cx - Enovation DE<\/title>\n<meta name=\"description\" content=\"F\u00fcr pers\u00f6nlichen Notruf, Fern\u00fcberwachung und mobile \u00dcberwachung.\" \/>\n<meta name=\"robots\" content=\"noindex, follow, max-snippet:-1, max-image-preview:large, max-video-preview:-1\" \/>\n<meta property=\"og:locale\" content=\"de_DE\" \/>\n<meta property=\"og:type\" content=\"article\" \/>\n<meta property=\"og:title\" content=\"Enovation UMO cx - Enovation DE\" \/>\n<meta property=\"og:description\" content=\"F\u00fcr pers\u00f6nlichen Notruf, Fern\u00fcberwachung und mobile \u00dcberwachung.\" \/>\n<meta property=\"og:url\" content=\"https:\/\/enovationgroup-com.ontw.stuurlui.dev\/de\/enovation-umo-cx\/\" \/>\n<meta property=\"og:site_name\" content=\"Enovation DE\" \/>\n<meta property=\"article:modified_time\" content=\"2023-10-17T13:30:40+00:00\" \/>\n<meta name=\"twitter:card\" content=\"summary_large_image\" \/>\n<script type=\"application\/ld+json\" class=\"yoast-schema-graph\">{\"@context\":\"https:\\\/\\\/schema.org\",\"@graph\":[{\"@type\":\"WebPage\",\"@id\":\"https:\\\/\\\/enovationgroup-com.ontw.stuurlui.dev\\\/de\\\/enovation-umo-cx\\\/\",\"url\":\"https:\\\/\\\/enovationgroup-com.ontw.stuurlui.dev\\\/de\\\/enovation-umo-cx\\\/\",\"name\":\"Enovation UMO cx - Enovation DE\",\"isPartOf\":{\"@id\":\"https:\\\/\\\/enovationgroup-com.ontw.stuurlui.dev\\\/de\\\/#website\"},\"datePublished\":\"2023-08-25T10:10:59+00:00\",\"dateModified\":\"2023-10-17T13:30:40+00:00\",\"description\":\"F\u00fcr pers\u00f6nlichen Notruf, Fern\u00fcberwachung und mobile \u00dcberwachung.\",\"breadcrumb\":{\"@id\":\"https:\\\/\\\/enovationgroup-com.ontw.stuurlui.dev\\\/de\\\/enovation-umo-cx\\\/#breadcrumb\"},\"inLanguage\":\"de\",\"potentialAction\":[{\"@type\":\"ReadAction\",\"target\":[\"https:\\\/\\\/enovationgroup-com.ontw.stuurlui.dev\\\/de\\\/enovation-umo-cx\\\/\"]}]},{\"@type\":\"BreadcrumbList\",\"@id\":\"https:\\\/\\\/enovationgroup-com.ontw.stuurlui.dev\\\/de\\\/enovation-umo-cx\\\/#breadcrumb\",\"itemListElement\":[{\"@type\":\"ListItem\",\"position\":1,\"name\":\"Home\",\"item\":\"https:\\\/\\\/enovationgroup-com.ontw.stuurlui.dev\\\/de\\\/\"},{\"@type\":\"ListItem\",\"position\":2,\"name\":\"Enovation UMO cx\"}]},{\"@type\":\"WebSite\",\"@id\":\"https:\\\/\\\/enovationgroup-com.ontw.stuurlui.dev\\\/de\\\/#website\",\"url\":\"https:\\\/\\\/enovationgroup-com.ontw.stuurlui.dev\\\/de\\\/\",\"name\":\"Enovation DE\",\"description\":\"\",\"potentialAction\":[{\"@type\":\"SearchAction\",\"target\":{\"@type\":\"EntryPoint\",\"urlTemplate\":\"https:\\\/\\\/enovationgroup-com.ontw.stuurlui.dev\\\/de\\\/?s={search_term_string}\"},\"query-input\":{\"@type\":\"PropertyValueSpecification\",\"valueRequired\":true,\"valueName\":\"search_term_string\"}}],\"inLanguage\":\"de\"}]}<\/script>\n<!-- \/ Yoast SEO plugin. -->","yoast_head_json":{"title":"Enovation UMO cx - Enovation DE","description":"F\u00fcr pers\u00f6nlichen Notruf, Fern\u00fcberwachung und mobile \u00dcberwachung.","robots":{"index":"noindex","follow":"follow","max-snippet":"max-snippet:-1","max-image-preview":"max-image-preview:large","max-video-preview":"max-video-preview:-1"},"og_locale":"de_DE","og_type":"article","og_title":"Enovation UMO cx - Enovation DE","og_description":"F\u00fcr pers\u00f6nlichen Notruf, Fern\u00fcberwachung und mobile \u00dcberwachung.","og_url":"https:\/\/enovationgroup-com.ontw.stuurlui.dev\/de\/enovation-umo-cx\/","og_site_name":"Enovation DE","article_modified_time":"2023-10-17T13:30:40+00:00","twitter_card":"summary_large_image","schema":{"@context":"https:\/\/schema.org","@graph":[{"@type":"WebPage","@id":"https:\/\/enovationgroup-com.ontw.stuurlui.dev\/de\/enovation-umo-cx\/","url":"https:\/\/enovationgroup-com.ontw.stuurlui.dev\/de\/enovation-umo-cx\/","name":"Enovation UMO cx - Enovation DE","isPartOf":{"@id":"https:\/\/enovationgroup-com.ontw.stuurlui.dev\/de\/#website"},"datePublished":"2023-08-25T10:10:59+00:00","dateModified":"2023-10-17T13:30:40+00:00","description":"F\u00fcr pers\u00f6nlichen Notruf, Fern\u00fcberwachung und mobile \u00dcberwachung.","breadcrumb":{"@id":"https:\/\/enovationgroup-com.ontw.stuurlui.dev\/de\/enovation-umo-cx\/#breadcrumb"},"inLanguage":"de","potentialAction":[{"@type":"ReadAction","target":["https:\/\/enovationgroup-com.ontw.stuurlui.dev\/de\/enovation-umo-cx\/"]}]},{"@type":"BreadcrumbList","@id":"https:\/\/enovationgroup-com.ontw.stuurlui.dev\/de\/enovation-umo-cx\/#breadcrumb","itemListElement":[{"@type":"ListItem","position":1,"name":"Home","item":"https:\/\/enovationgroup-com.ontw.stuurlui.dev\/de\/"},{"@type":"ListItem","position":2,"name":"Enovation UMO cx"}]},{"@type":"WebSite","@id":"https:\/\/enovationgroup-com.ontw.stuurlui.dev\/de\/#website","url":"https:\/\/enovationgroup-com.ontw.stuurlui.dev\/de\/","name":"Enovation DE","description":"","potentialAction":[{"@type":"SearchAction","target":{"@type":"EntryPoint","urlTemplate":"https:\/\/enovationgroup-com.ontw.stuurlui.dev\/de\/?s={search_term_string}"},"query-input":{"@type":"PropertyValueSpecification","valueRequired":true,"valueName":"search_term_string"}}],"inLanguage":"de"}]}},"_links":{"self":[{"href":"https:\/\/enovationgroup-com.ontw.stuurlui.dev\/de\/wp-json\/wp\/v2\/pages\/2123","targetHints":{"allow":["GET"]}}],"collection":[{"href":"https:\/\/enovationgroup-com.ontw.stuurlui.dev\/de\/wp-json\/wp\/v2\/pages"}],"about":[{"href":"https:\/\/enovationgroup-com.ontw.stuurlui.dev\/de\/wp-json\/wp\/v2\/types\/page"}],"author":[{"embeddable":true,"href":"https:\/\/enovationgroup-com.ontw.stuurlui.dev\/de\/wp-json\/wp\/v2\/users\/10"}],"replies":[{"embeddable":true,"href":"https:\/\/enovationgroup-com.ontw.stuurlui.dev\/de\/wp-json\/wp\/v2\/comments?post=2123"}],"version-history":[{"count":31,"href":"https:\/\/enovationgroup-com.ontw.stuurlui.dev\/de\/wp-json\/wp\/v2\/pages\/2123\/revisions"}],"predecessor-version":[{"id":6272,"href":"https:\/\/enovationgroup-com.ontw.stuurlui.dev\/de\/wp-json\/wp\/v2\/pages\/2123\/revisions\/6272"}],"wp:attachment":[{"href":"https:\/\/enovationgroup-com.ontw.stuurlui.dev\/de\/wp-json\/wp\/v2\/media?parent=2123"}],"curies":[{"name":"wp","href":"https:\/\/api.w.org\/{rel}","templated":true}]}}